{"id":178,"date":"2024-05-08T14:20:59","date_gmt":"2024-05-08T18:20:59","guid":{"rendered":"https:\/\/twinoaks.swlauriersb.qc.ca\/our-school-about-us\/"},"modified":"2024-05-30T12:57:37","modified_gmt":"2024-05-30T16:57:37","slug":"notre-ecole-a-propos","status":"publish","type":"page","link":"https:\/\/twinoaks.swlauriersb.qc.ca\/fr\/notre-ecole-a-propos\/","title":{"rendered":"Notre \u00e9cole \/ \u00e0 propos"},"content":{"rendered":"\n<h2 class=\"wp-block-heading\">Bassin d\u2019alimentation<\/h2>\n\n\n\n<p>Du boulevard Sainte-Rose, une ligne fictive est trac\u00e9e entre la rue des Charmes et la rue du Lac-de-Mai, jusqu\u2019\u00e0 la rivi\u00e8re des Mille\u00a0\u00celes;<\/p>\n\n\n\n<ul>\n<li>De la rivi\u00e8re des Mille&nbsp;\u00celes jusqu\u2019au prolongement de la rue de la Pointe aux Ormes (excluant la rue de la Pointe aux Ormes);<\/li>\n\n\n\n<li>Du prolongement de la rue de la Pointe-aux-Ormes jusqu\u2019\u00e0 l\u2019avenue des Terrasses;<\/li>\n\n\n\n<li>De l\u2019avenue des Terrasses jusqu\u2019\u00e0 la voie ferr\u00e9e du CP;<\/li>\n\n\n\n<li>De la voie ferr\u00e9e du CP jusqu\u2019\u00e0 l\u2019autoroute 440;<\/li>\n\n\n\n<li>De l\u2019autoroute 440 jusqu\u2019\u00e0 l\u2019autoroute&nbsp;13;<\/li>\n\n\n\n<li>De l\u2019autoroute&nbsp;13 jusqu\u2019au boulevard&nbsp;Dagenais;<\/li>\n\n\n\n<li>Du boulevard Dagenais jusqu\u2019\u00e0 la rue Marcellin;<\/li>\n\n\n\n<li>De la rue Marcellin jusqu\u2019\u00e0 la rue Murielle;<\/li>\n\n\n\n<li>De la rue Murielle jusqu\u2019\u00e0 la rue Marian;<\/li>\n\n\n\n<li>De la rue Marian jusqu\u2019au boulevard Sainte-Rose;<\/li>\n\n\n\n<li>Du boulevard Sainte-Rose jusqu\u2019au point de d\u00e9part.<\/li>\n<\/ul>\n\n\n\n<p>Carte du bassin d\u2019alimentation <a href=\"https:\/\/www.swlauriersb.qc.ca\/wp-content\/uploads\/2020\/12\/ZONE_MAP_Elementary_TWIN_OAKS.pdf\">cliquer here<\/a><\/p>\n\n\n\n<p>La carte d\u00e9crivant le bassin d\u2019alimentation de notre \u00e9cole est fournie pour donner un aper\u00e7u g\u00e9n\u00e9ral du territoire desservi par celle-ci. Les parents doivent communiquer avec l\u2019\u00e9tablissement concern\u00e9 pour confirmer l\u2019admissibilit\u00e9 \u00e0 l\u2019\u00e9cole demand\u00e9e.<\/p>\n\n\n\n<h2 class=\"wp-block-heading\">Philosophie\/mission<\/h2>\n\n\n\n<p>Nous sommes une communaut\u00e9 scolaire dont la mission est de d\u00e9velopper les connaissances et les comp\u00e9tences des \u00e9l\u00e8ves pour promouvoir l\u2019apprentissage tout au long de la vie.<\/p>\n\n\n\n<h2 class=\"wp-block-heading\">Renseignements g\u00e9n\u00e9raux<\/h2>\n\n\n\n<p>L\u2019\u00e9cole primaire Twin\u00a0Oaks est une \u00e9cole anglophone qui a ouvert ses portes en 1962. Elle est situ\u00e9e au 700, rue Lisane \u00e0 Fabreville, Laval. Notre population \u00e9tudiante est compos\u00e9e d\u2019\u00e9l\u00e8ves issus de nombreuses origines ethniques. Nous favorisons l\u2019\u00e9ducation multiculturelle et encourageons l\u2019int\u00e9gration d\u2019un contenu culturel diversifi\u00e9 au sein du programme.<\/p>\n\n\n\n<h2 class=\"wp-block-heading\">Participation des parents<\/h2>\n\n\n\n<p>Le conseil d\u2019\u00e9tablissement de l\u2019\u00e9cole primaire Twin Oaks et le comit\u00e9 de parents se r\u00e9unissent huit fois durant l\u2019ann\u00e9e scolaire. \u00c0 l\u2019\u00e9cole primaire Twin\u00a0Oaks, notre organisme de participation des parents est tr\u00e8s actif et nous accueillons \u00e0 bras ouverts les parents b\u00e9n\u00e9voles.<\/p>\n\n\n\n<h2 class=\"wp-block-heading\">Programmes<\/h2>\n\n\n\n<p>Nous offrons un programme d\u2019\u00e9tudes en anglais comportant un important volet en fran\u00e7ais de mani\u00e8re \u00e0 assurer que les enfants qui obtiennent leur dipl\u00f4me sont bilingues. Les \u00e9l\u00e8ves ayant des besoins particuliers re\u00e7oivent des services en fonction de leur plan d\u2019intervention.<\/p>\n\n\n\n<h2 class=\"wp-block-heading\">Services<\/h2>\n\n\n\n<p>Nous offrons un service garde en milieu scolaire. Nous disposons d\u2019une biblioth\u00e8que, d\u2019une sc\u00e8ne et de deux gymnases. Nous offrons les services d\u2019un(e) psychologue, d\u2019un(e) orthophoniste, d\u2019un(e) travailleur(euse) social(e), d\u2019enseignant(e)s-ressources, de sp\u00e9cialistes en musique et en \u00e9ducation physique, et du personnel de la biblioth\u00e8que.<\/p>\n\n\n\n<h2 class=\"wp-block-heading\">\u00c9v\u00e9nements et activit\u00e9s<\/h2>\n\n\n\n<p>\u00c0 l\u2019\u00e9cole primaire Twin\u00a0Oaks, nous offrons de nombreuses activit\u00e9s, notamment des activit\u00e9s parascolaires, des assembl\u00e9es, des concerts de musique, des c\u00e9l\u00e9brations et des journ\u00e9es de plaisir. Nous offrons aussi fr\u00e9quemment des sorties \u00e9ducatives et des excursions. Nous pr\u00e9sentons \u00e9galement \u00e0 notre \u00e9cole des artistes, des pi\u00e8ces de th\u00e9\u00e2tre et d\u2019autres \u00e9v\u00e9nements culturels.<\/p>\n\n\n\n<p>\u00c0 notre \u00e9cole, nous attachons de l\u2019importance aux travaux communautaires. Nos \u00e9l\u00e8ves participent \u00e0 la course Terry&nbsp;Fox depuis plus de 20&nbsp;ans. Nous faisons partie de l\u2019initiative des Legacy Schools pour la Fondation Downie\/Wenjack. Nous recueillons des aliments pour les personnes dans le besoin et nous faisons aussi r\u00e9guli\u00e8rement des dons pour la recherche sur le cancer du sein et d\u2019autres causes.<\/p>\n\n\n\n<h2 class=\"wp-block-heading\">Autres renseignements<\/h2>\n\n\n\n<p>Le projet \u00e9ducatif de l\u2019\u00e9cole primaire Twin\u00a0Oaks est ax\u00e9 sur l\u2019acquisition de comp\u00e9tences en litt\u00e9ratie et de comp\u00e9tences technologiques \u00e0 chacun des cycles, et ce, dans le cadre de l\u2019approche des comp\u00e9tences transversales du Programme de formation de l\u2019\u00e9cole qu\u00e9b\u00e9coise.<\/p>\n","protected":false},"excerpt":{"rendered":"<p>Bassin d\u2019alimentation Du boulevard Sainte-Rose, une ligne fictive est trac\u00e9e entre la rue des Charmes et la rue du Lac-de-Mai, jusqu\u2019\u00e0 la rivi\u00e8re des Mille\u00a0\u00celes; Carte du bassin d\u2019alimentation cliquer here La carte d\u00e9crivant le bassin d\u2019alimentation de notre \u00e9cole est fournie pour donner un aper\u00e7u g\u00e9n\u00e9ral du territoire desservi par celle-ci. Les parents doivent&hellip;<\/p>\n","protected":false},"author":1,"featured_media":0,"parent":0,"menu_order":0,"comment_status":"closed","ping_status":"closed","template":"","meta":{"_acf_changed":false,"_relevanssi_hide_post":"","_relevanssi_hide_content":"","_relevanssi_pin_for_all":"","_relevanssi_pin_keywords":"","_relevanssi_unpin_keywords":"","_relevanssi_related_keywords":"","_relevanssi_related_include_ids":"","_relevanssi_related_exclude_ids":"","_relevanssi_related_no_append":"","_relevanssi_related_not_related":"","_relevanssi_related_posts":"","_relevanssi_noindex_reason":"","footnotes":""},"acf":[],"_links":{"self":[{"href":"https:\/\/twinoaks.swlauriersb.qc.ca\/fr\/wp-json\/wp\/v2\/pages\/178"}],"collection":[{"href":"https:\/\/twinoaks.swlauriersb.qc.ca\/fr\/wp-json\/wp\/v2\/pages"}],"about":[{"href":"https:\/\/twinoaks.swlauriersb.qc.ca\/fr\/wp-json\/wp\/v2\/types\/page"}],"author":[{"embeddable":true,"href":"https:\/\/twinoaks.swlauriersb.qc.ca\/fr\/wp-json\/wp\/v2\/users\/1"}],"replies":[{"embeddable":true,"href":"https:\/\/twinoaks.swlauriersb.qc.ca\/fr\/wp-json\/wp\/v2\/comments?post=178"}],"version-history":[{"count":2,"href":"https:\/\/twinoaks.swlauriersb.qc.ca\/fr\/wp-json\/wp\/v2\/pages\/178\/revisions"}],"predecessor-version":[{"id":315,"href":"https:\/\/twinoaks.swlauriersb.qc.ca\/fr\/wp-json\/wp\/v2\/pages\/178\/revisions\/315"}],"wp:attachment":[{"href":"https:\/\/twinoaks.swlauriersb.qc.ca\/fr\/wp-json\/wp\/v2\/media?parent=178"}],"curies":[{"name":"wp","href":"https:\/\/api.w.org\/{rel}","templated":true}]}}