{"id":175,"date":"2024-05-08T14:26:06","date_gmt":"2024-05-08T18:26:06","guid":{"rendered":"https:\/\/twinoaks.swlauriersb.qc.ca\/registration\/"},"modified":"2024-05-30T12:57:41","modified_gmt":"2024-05-30T16:57:41","slug":"inscription","status":"publish","type":"page","link":"https:\/\/twinoaks.swlauriersb.qc.ca\/fr\/notre-ecole-a-propos\/inscription\/","title":{"rendered":"Inscription"},"content":{"rendered":"\n<h2 class=\"wp-block-heading\">NOUVELLES INSCRIPTIONS<\/h2>\n\n\n\n<p>Vous devez prendre rendez-vous aupr\u00e8s de l\u2019\u00e9cole qui dessert votre domicile pour inscrire votre enfant \u00e0 l\u2019\u00e9cole.<\/p>\n\n\n\n<p>Les parents doivent t\u00e9l\u00e9phoner \u00e0 l\u2019\u00e9cole qui dessert leur domicile pour prendre rendez-vous et proc\u00e9der \u00e0 l\u2019inscription. Il est important d\u2019avoir tous les documents requis avec vous au moment de l\u2019inscription.<\/p>\n\n\n\n<p>Documents requis<\/p>\n\n\n\n<ul>\n<li>Le certificat de naissance grand format de l\u2019enfant sur lequel figurent les noms des parents;<\/li>\n\n\n\n<li>Une preuve confirmant la citoyennet\u00e9 canadienne des parents;<\/li>\n\n\n\n<li>Deux preuves de r\u00e9sidence au Qu\u00e9bec (p. ex. relev\u00e9 de taxes municipale, facture de services publics, etc.);<\/li>\n\n\n\n<li>Si l\u2019enfant fr\u00e9quentait l\u2019\u00e9cole l\u2019ann\u00e9e pr\u00e9c\u00e9dente, son dernier bulletin;<\/li>\n\n\n\n<li>Une demande de certificat d\u2019admissibilit\u00e9 \u00e0 recevoir une \u00e9ducation en anglais sera remplie \u00e0 l\u2019\u00e9cole, durant le rendez-vous;<\/li>\n\n\n\n<li>Certaines \u00e9coles peuvent exiger d\u2019autres documents. Pour l\u2019inscription \u00e0 la maternelle 4 ans, votre enfant doit avoir 4 ans au plus tard le 30&nbsp;septembre.<\/li>\n\n\n\n<li>Pour l\u2019inscription \u00e0 la maternelle 5 ans, votre enfant doit avoir 5&nbsp;ans au plus tard le 30&nbsp;septembre.<\/li>\n<\/ul>\n\n\n\n<p>Remarque&nbsp;: au moment de l\u2019inscription, on vous demandera de remplir le formulaire de choix pour les taxes scolaires, lequel doit \u00eatre transmis \u00e0 la commission scolaire avant le 31 mars.<\/p>\n\n\n\n<h2 class=\"wp-block-heading\">R\u00c9INSCRIPTION<\/h2>\n\n\n\n<p>La r\u00e9inscription a lieu \u00e0 la fin du mois de janvier de chaque ann\u00e9e scolaire au moyen du Portail Parents Moza\u00efk.<\/p>\n\n\n\n<h2 class=\"wp-block-heading\">INSCRIPTION D\u2019\u00c9L\u00c8VES HORS TERRITOIRE<\/h2>\n\n\n\n<p>Les parents, tutrices ou tuteurs peuvent choisir d\u2019envoyer leur enfant \u00e0 une \u00e9cole hors bassin d\u2019alimentation en sachant que le processus doit \u00eatre r\u00e9p\u00e9t\u00e9 annuellement et que le transport de leur enfant sera leur responsabilit\u00e9. Les parents, tutrices ou tuteurs doivent d\u2019abord inscrire l\u2019enfant \u00e0 l\u2019\u00e9cole qui dessert leur domicile, puis faire une demande d\u2019autorisation de fr\u00e9quenter une \u00e9cole hors bassin d\u2019alimentation en remplissant le formulaire pr\u00e9vu \u00e0 cet effet. Les demandes d\u2019autorisation de fr\u00e9quenter une \u00e9cole hors bassin d\u2019alimentation seront \u00e9tudi\u00e9es selon la priorit\u00e9 d\u2019inscription, la capacit\u00e9 d\u2019accueil de l\u2019\u00e9cole vis\u00e9e et les places disponibles dans les classes de l\u2019ann\u00e9e d\u2019\u00e9tudes en question, comme d\u00e9termin\u00e9 par la commission scolaire. Les \u00e9l\u00e8ves qui se voient refuser l\u2019admission \u00e0 une \u00e9cole hors bassin d\u2019alimentation sont inscrits \u00e0 l\u2019\u00e9cole qui dessert leur domicile.<\/p>\n","protected":false},"excerpt":{"rendered":"<p>NOUVELLES INSCRIPTIONS Vous devez prendre rendez-vous aupr\u00e8s de l\u2019\u00e9cole qui dessert votre domicile pour inscrire votre enfant \u00e0 l\u2019\u00e9cole. Les parents doivent t\u00e9l\u00e9phoner \u00e0 l\u2019\u00e9cole qui dessert leur domicile pour prendre rendez-vous et proc\u00e9der \u00e0 l\u2019inscription. Il est important d\u2019avoir tous les documents requis avec vous au moment de l\u2019inscription. Documents requis Remarque&nbsp;: au moment&hellip;<\/p>\n","protected":false},"author":1,"featured_media":0,"parent":178,"menu_order":0,"comment_status":"closed","ping_status":"closed","template":"","meta":{"_acf_changed":false,"_relevanssi_hide_post":"","_relevanssi_hide_content":"","_relevanssi_pin_for_all":"","_relevanssi_pin_keywords":"","_relevanssi_unpin_keywords":"","_relevanssi_related_keywords":"","_relevanssi_related_include_ids":"","_relevanssi_related_exclude_ids":"","_relevanssi_related_no_append":"","_relevanssi_related_not_related":"","_relevanssi_related_posts":"","_relevanssi_noindex_reason":"","footnotes":""},"acf":[],"_links":{"self":[{"href":"https:\/\/twinoaks.swlauriersb.qc.ca\/fr\/wp-json\/wp\/v2\/pages\/175"}],"collection":[{"href":"https:\/\/twinoaks.swlauriersb.qc.ca\/fr\/wp-json\/wp\/v2\/pages"}],"about":[{"href":"https:\/\/twinoaks.swlauriersb.qc.ca\/fr\/wp-json\/wp\/v2\/types\/page"}],"author":[{"embeddable":true,"href":"https:\/\/twinoaks.swlauriersb.qc.ca\/fr\/wp-json\/wp\/v2\/users\/1"}],"replies":[{"embeddable":true,"href":"https:\/\/twinoaks.swlauriersb.qc.ca\/fr\/wp-json\/wp\/v2\/comments?post=175"}],"version-history":[{"count":2,"href":"https:\/\/twinoaks.swlauriersb.qc.ca\/fr\/wp-json\/wp\/v2\/pages\/175\/revisions"}],"predecessor-version":[{"id":318,"href":"https:\/\/twinoaks.swlauriersb.qc.ca\/fr\/wp-json\/wp\/v2\/pages\/175\/revisions\/318"}],"up":[{"embeddable":true,"href":"https:\/\/twinoaks.swlauriersb.qc.ca\/fr\/wp-json\/wp\/v2\/pages\/178"}],"wp:attachment":[{"href":"https:\/\/twinoaks.swlauriersb.qc.ca\/fr\/wp-json\/wp\/v2\/media?parent=175"}],"curies":[{"name":"wp","href":"https:\/\/api.w.org\/{rel}","templated":true}]}}