{"id":171,"date":"2024-05-08T14:27:26","date_gmt":"2024-05-08T18:27:26","guid":{"rendered":"https:\/\/twinoaks.swlauriersb.qc.ca\/ppo-home-school\/"},"modified":"2025-12-05T13:14:08","modified_gmt":"2025-12-05T18:14:08","slug":"organisme-de-participation-des-parents-association-foyer-ecole","status":"publish","type":"page","link":"https:\/\/twinoaks.swlauriersb.qc.ca\/fr\/informations-pour-les-parents\/organisme-de-participation-des-parents-association-foyer-ecole\/","title":{"rendered":"Organisme de participation des parents"},"content":{"rendered":"\n<h2 class=\"wp-block-heading\">Organisme de participation des parents (OPP)<\/h2>\n\n\n\n<p>L\u2019organisme de participation des parents (OPP) a pour fonction de promouvoir la collaboration des parents \u00e0 l\u2019\u00e9laboration, \u00e0 la r\u00e9alisation et \u00e0 l\u2019\u00e9valuation p\u00e9riodique du projet \u00e9ducatif de l\u2019\u00e9cole ainsi que leur&nbsp;participation \u00e0 la r\u00e9ussite \u00e9ducative de leur enfant. L\u2019OPP peut donner son avis aux parents du conseil d\u2019\u00e9tablissement&nbsp;sur tout sujet qui concerne les parents ou sur lequel les parents du conseil d\u2019\u00e9tablissement le consultent.<\/p>\n\n\n\n<p><strong>Pr\u00e9sidente de l\u2019organisme de participation des parents<\/strong><br>Maria Pace<\/p>\n","protected":false},"excerpt":{"rendered":"<p>Organisme de participation des parents (OPP) L\u2019organisme de participation des parents (OPP) a pour fonction de promouvoir la collaboration des parents \u00e0 l\u2019\u00e9laboration, \u00e0 la r\u00e9alisation et \u00e0 l\u2019\u00e9valuation p\u00e9riodique du projet \u00e9ducatif de l\u2019\u00e9cole ainsi que leur&nbsp;participation \u00e0 la r\u00e9ussite \u00e9ducative de leur enfant. L\u2019OPP peut donner son avis aux parents du conseil d\u2019\u00e9tablissement&nbsp;sur&hellip;<\/p>\n","protected":false},"author":1,"featured_media":0,"parent":174,"menu_order":0,"comment_status":"closed","ping_status":"closed","template":"","meta":{"_acf_changed":false,"_relevanssi_hide_post":"","_relevanssi_hide_content":"","_relevanssi_pin_for_all":"","_relevanssi_pin_keywords":"","_relevanssi_unpin_keywords":"","_relevanssi_related_keywords":"","_relevanssi_related_include_ids":"","_relevanssi_related_exclude_ids":"","_relevanssi_related_no_append":"","_relevanssi_related_not_related":"","_relevanssi_related_posts":"561,419,611","_relevanssi_noindex_reason":"","footnotes":""},"acf":[],"_links":{"self":[{"href":"https:\/\/twinoaks.swlauriersb.qc.ca\/fr\/wp-json\/wp\/v2\/pages\/171"}],"collection":[{"href":"https:\/\/twinoaks.swlauriersb.qc.ca\/fr\/wp-json\/wp\/v2\/pages"}],"about":[{"href":"https:\/\/twinoaks.swlauriersb.qc.ca\/fr\/wp-json\/wp\/v2\/types\/page"}],"author":[{"embeddable":true,"href":"https:\/\/twinoaks.swlauriersb.qc.ca\/fr\/wp-json\/wp\/v2\/users\/1"}],"replies":[{"embeddable":true,"href":"https:\/\/twinoaks.swlauriersb.qc.ca\/fr\/wp-json\/wp\/v2\/comments?post=171"}],"version-history":[{"count":3,"href":"https:\/\/twinoaks.swlauriersb.qc.ca\/fr\/wp-json\/wp\/v2\/pages\/171\/revisions"}],"predecessor-version":[{"id":934,"href":"https:\/\/twinoaks.swlauriersb.qc.ca\/fr\/wp-json\/wp\/v2\/pages\/171\/revisions\/934"}],"up":[{"embeddable":true,"href":"https:\/\/twinoaks.swlauriersb.qc.ca\/fr\/wp-json\/wp\/v2\/pages\/174"}],"wp:attachment":[{"href":"https:\/\/twinoaks.swlauriersb.qc.ca\/fr\/wp-json\/wp\/v2\/media?parent=171"}],"curies":[{"name":"wp","href":"https:\/\/api.w.org\/{rel}","templated":true}]}}