{"id":168,"date":"2024-05-08T14:28:33","date_gmt":"2024-05-08T18:28:33","guid":{"rendered":"https:\/\/twinoaks.swlauriersb.qc.ca\/gb\/"},"modified":"2025-12-05T13:29:24","modified_gmt":"2025-12-05T18:29:24","slug":"conseil-detablissement","status":"publish","type":"page","link":"https:\/\/twinoaks.swlauriersb.qc.ca\/fr\/informations-pour-les-parents\/conseil-detablissement\/","title":{"rendered":"Conseil d\u2019\u00e9tablissement"},"content":{"rendered":"\n<p>Le conseil d\u2019\u00e9tablissement est un comit\u00e9 compos\u00e9 de parents, de membre du personnel de l\u2019\u00e9cole et de membre de la communaut\u00e9. Le conseil d\u2019\u00e9tablissement est un organe d\u00e9cisionnel qui, en \u00e9tablissant une dynamique de gestion avec l\u2019\u00e9tablissement et la commission scolaire, donne aux \u00e9coles les ressources n\u00e9cessaires pour r\u00e9pondre aux besoins \u00e9ducatifs de tous les \u00e9l\u00e8ves. Les parents sont invit\u00e9s \u00e0 assister \u00e0 toutes les r\u00e9unions du conseil d\u2019\u00e9tablissement<\/p>\n\n\n\n<h2 class=\"wp-block-heading\">Membres du conseil d\u2019\u00e9tablissement&nbsp;2023-2024<\/h2>\n\n\n\n<h3 class=\"wp-block-heading\">Parents&nbsp;&nbsp;&nbsp;&nbsp;&nbsp;&nbsp;&nbsp;&nbsp;&nbsp;&nbsp;&nbsp;&nbsp;&nbsp;&nbsp;&nbsp;&nbsp;&nbsp;&nbsp;&nbsp;&nbsp;&nbsp;&nbsp;&nbsp;&nbsp;&nbsp;&nbsp;&nbsp;&nbsp;&nbsp;&nbsp;&nbsp;&nbsp;&nbsp;&nbsp;&nbsp;&nbsp;&nbsp;&nbsp;&nbsp;&nbsp;&nbsp;&nbsp;&nbsp;&nbsp;&nbsp;&nbsp;&nbsp;&nbsp;&nbsp;&nbsp;&nbsp;&nbsp;&nbsp;&nbsp;&nbsp;&nbsp;&nbsp;&nbsp;&nbsp;&nbsp;&nbsp;&nbsp;&nbsp;&nbsp;&nbsp;&nbsp;&nbsp;&nbsp;&nbsp;&nbsp; <\/h3>\n\n\n\n<ul>\n<li>Natalie Codner (Pr\u00e9sidente)&nbsp;&nbsp;&nbsp;&nbsp;&nbsp;&nbsp;&nbsp;&nbsp;&nbsp;&nbsp;&nbsp;&nbsp;&nbsp;&nbsp;&nbsp;&nbsp;&nbsp;&nbsp;&nbsp;&nbsp;&nbsp;&nbsp;&nbsp;&nbsp;&nbsp;&nbsp;&nbsp;&nbsp;&nbsp;&nbsp;&nbsp;&nbsp;&nbsp; &nbsp;&nbsp;&nbsp;<\/li>\n\n\n\n<li>Stephany Christou (Vice-pr\u00e9sidente)&nbsp;&nbsp;&nbsp;&nbsp;&nbsp;&nbsp;&nbsp;&nbsp;&nbsp;&nbsp;&nbsp;&nbsp;&nbsp;&nbsp;&nbsp;&nbsp;&nbsp;&nbsp;&nbsp;&nbsp;&nbsp;&nbsp;&nbsp;&nbsp;&nbsp;&nbsp;&nbsp;&nbsp;&nbsp;&nbsp;&nbsp;&nbsp;&nbsp;&nbsp;&nbsp;&nbsp;&nbsp;&nbsp;&nbsp;&nbsp;&nbsp;&nbsp;&nbsp;&nbsp;&nbsp;&nbsp;&nbsp;&nbsp;&nbsp;&nbsp;&nbsp;&nbsp;&nbsp; &nbsp;<\/li>\n\n\n\n<li>Tania Florio<\/li>\n\n\n\n<li>Laura Botham<\/li>\n\n\n\n<li>Stephanie Rota<\/li>\n\n\n\n<li>Tania Cundari&nbsp;&nbsp;&nbsp;&nbsp;&nbsp;&nbsp;&nbsp;&nbsp;&nbsp;&nbsp;&nbsp;&nbsp;&nbsp;&nbsp;&nbsp;&nbsp;&nbsp;&nbsp;&nbsp;&nbsp;&nbsp;&nbsp;&nbsp;&nbsp;&nbsp;&nbsp;&nbsp;&nbsp;&nbsp;&nbsp;&nbsp;&nbsp;&nbsp;&nbsp;&nbsp;&nbsp;&nbsp;&nbsp;&nbsp;&nbsp;&nbsp;&nbsp;&nbsp;&nbsp;&nbsp;&nbsp;&nbsp;&nbsp;&nbsp;&nbsp;&nbsp;&nbsp;&nbsp;&nbsp;&nbsp;&nbsp;&nbsp;&nbsp;&nbsp;&nbsp;&nbsp;&nbsp; &nbsp;&nbsp;&nbsp;&nbsp;<\/li>\n\n\n\n<li>Christina Vlasopoulos&nbsp;&nbsp;&nbsp;&nbsp;&nbsp;<\/li>\n\n\n\n<li>Melissa Lemieux &nbsp;(Substitut)&nbsp;&nbsp;&nbsp;&nbsp;&nbsp;&nbsp;&nbsp;&nbsp;&nbsp;&nbsp;&nbsp;&nbsp;&nbsp;&nbsp;&nbsp;&nbsp;&nbsp;&nbsp;&nbsp;&nbsp;&nbsp;&nbsp;&nbsp;&nbsp;&nbsp;&nbsp;&nbsp;&nbsp;&nbsp;&nbsp;&nbsp;&nbsp;&nbsp;&nbsp;&nbsp;&nbsp;&nbsp;&nbsp;&nbsp;&nbsp;&nbsp;&nbsp;&nbsp;&nbsp;&nbsp;&nbsp;&nbsp;&nbsp;&nbsp;&nbsp;&nbsp;&nbsp;&nbsp;&nbsp;&nbsp;&nbsp;&nbsp;&nbsp;&nbsp; &nbsp;&nbsp;&nbsp;&nbsp;<\/li>\n\n\n\n<li>Mary Masucci&nbsp;&nbsp;(Substitut)&nbsp;&nbsp;&nbsp;&nbsp;&nbsp;&nbsp;&nbsp;&nbsp;&nbsp;&nbsp;&nbsp;&nbsp;&nbsp;&nbsp;&nbsp;&nbsp;&nbsp;&nbsp;&nbsp;&nbsp;&nbsp;&nbsp;&nbsp;&nbsp;&nbsp;&nbsp;&nbsp;&nbsp;&nbsp;&nbsp;&nbsp;&nbsp;&nbsp;&nbsp;&nbsp;&nbsp;&nbsp;&nbsp;&nbsp;&nbsp;&nbsp;&nbsp;&nbsp;&nbsp;&nbsp;&nbsp;&nbsp;&nbsp;&nbsp;&nbsp;&nbsp;&nbsp;&nbsp;&nbsp;&nbsp;&nbsp;&nbsp;&nbsp; &nbsp;&nbsp;&nbsp;&nbsp;&nbsp;&nbsp;&nbsp;&nbsp;&nbsp;&nbsp;&nbsp;&nbsp;&nbsp;&nbsp;&nbsp;&nbsp;&nbsp;&nbsp;&nbsp;&nbsp;&nbsp;&nbsp;&nbsp;&nbsp;&nbsp;&nbsp;&nbsp;&nbsp;&nbsp;&nbsp;&nbsp;&nbsp;&nbsp;&nbsp;&nbsp;&nbsp;&nbsp;&nbsp;&nbsp;&nbsp;&nbsp;&nbsp;&nbsp;&nbsp;&nbsp;&nbsp;&nbsp;&nbsp;&nbsp;&nbsp;&nbsp;&nbsp;&nbsp;&nbsp;&nbsp;&nbsp;&nbsp;&nbsp;&nbsp;<\/li>\n<\/ul>\n\n\n\n<h3 class=\"wp-block-heading\"><strong>Membres du personne<\/strong>l<\/h3>\n\n\n\n<ul>\n<li>Ada Di Genova (Enseignante)<\/li>\n\n\n\n<li>Debbie Godin (Enseignante)<\/li>\n\n\n\n<li>Mike Leuzzi (Enseignant)<\/li>\n\n\n\n<li>Laureanne Gregory (Enseignante)<\/li>\n\n\n\n<li>Dori Raymond (Service de garde)<\/li>\n\n\n\n<li>Lytsa Haskaris (Personnel de soutien)<\/li>\n<\/ul>\n\n\n\n<h3 class=\"wp-block-heading\">Administration &nbsp;&nbsp;&nbsp;&nbsp;&nbsp;&nbsp;&nbsp;&nbsp;&nbsp;&nbsp;&nbsp;&nbsp;&nbsp;&nbsp;&nbsp;&nbsp;&nbsp;&nbsp;&nbsp;&nbsp;&nbsp;&nbsp;&nbsp;&nbsp;&nbsp;&nbsp;&nbsp;&nbsp;&nbsp;&nbsp;&nbsp;&nbsp;&nbsp;&nbsp;&nbsp;&nbsp;&nbsp;&nbsp;&nbsp;&nbsp;&nbsp;&nbsp;&nbsp;&nbsp;&nbsp;&nbsp;&nbsp;&nbsp;&nbsp;&nbsp;&nbsp;&nbsp;&nbsp;&nbsp;&nbsp;&nbsp;&nbsp;<\/h3>\n\n\n\n<ul>\n<li>Dan Tremblay (Directeur)<\/li>\n\n\n\n<li>Antoinette Caprera (Directrice adjointe)<\/li>\n<\/ul>\n\n\n\n<p><strong>Secr\u00e9taire<\/strong><\/p>\n\n\n\n<ul>\n<li>Vanessa Ross<\/li>\n<\/ul>\n\n\n\n<h2 class=\"wp-block-heading\">Calendrier des rencontres<\/h2>\n\n\n\n<figure class=\"wp-block-table\"><table><tbody><tr><td>Date<\/td><td>Heure<\/td><td>Endroit<\/td><\/tr><tr><td>30 octobre 2025<\/td><td>18h30<\/td><td>TOES<\/td><\/tr><tr><td>27 novembre 2025<\/td><td>18h30<\/td><td>ZOOM<\/td><\/tr><tr><td>22 janvier 2026<\/td><td>18h30<\/td><td>ZOOM<\/td><\/tr><tr><td>19 f\u00e9vrier 2026<\/td><td>18h30<\/td><td>ZOOM<\/td><\/tr><tr><td>23 avril 2026<\/td><td>18h30<\/td><td>ZOOM<\/td><\/tr><tr><td>28 mai 2026<\/td><td>18h30<\/td><td>TOES<\/td><\/tr><tr><td>11 juin 2026<\/td><td>18h30<\/td><td>TOES<\/td><\/tr><\/tbody><\/table><\/figure>\n\n\n\n<h2 class=\"wp-block-heading\">Rapport annuel du conseil d\u2019\u00e9tablissement<\/h2>\n\n\n\n<div class=\"wp-block-buttons is-layout-flex wp-block-buttons-is-layout-flex\">\n<div class=\"wp-block-button is-style-text-link-pdf\"><a class=\"wp-block-button__link wp-element-button\">Rapport annuel <i class=\"icon-pdf\"><\/i><\/a><\/div>\n<\/div>\n\n\n\n<h2 class=\"wp-block-heading\"><\/h2>\n","protected":false},"excerpt":{"rendered":"<p>Le conseil d\u2019\u00e9tablissement est un comit\u00e9 compos\u00e9 de parents, de membre du personnel de l\u2019\u00e9cole et de membre de la communaut\u00e9. Le conseil d\u2019\u00e9tablissement est un organe d\u00e9cisionnel qui, en \u00e9tablissant une dynamique de gestion avec l\u2019\u00e9tablissement et la commission scolaire, donne aux \u00e9coles les ressources n\u00e9cessaires pour r\u00e9pondre aux besoins \u00e9ducatifs de tous les&hellip;<\/p>\n","protected":false},"author":1,"featured_media":0,"parent":174,"menu_order":0,"comment_status":"closed","ping_status":"closed","template":"","meta":{"_acf_changed":false,"_relevanssi_hide_post":"","_relevanssi_hide_content":"","_relevanssi_pin_for_all":"","_relevanssi_pin_keywords":"","_relevanssi_unpin_keywords":"","_relevanssi_related_keywords":"","_relevanssi_related_include_ids":"","_relevanssi_related_exclude_ids":"","_relevanssi_related_no_append":"","_relevanssi_related_not_related":"","_relevanssi_related_posts":"611,419,561","_relevanssi_noindex_reason":"","footnotes":""},"acf":[],"_links":{"self":[{"href":"https:\/\/twinoaks.swlauriersb.qc.ca\/fr\/wp-json\/wp\/v2\/pages\/168"}],"collection":[{"href":"https:\/\/twinoaks.swlauriersb.qc.ca\/fr\/wp-json\/wp\/v2\/pages"}],"about":[{"href":"https:\/\/twinoaks.swlauriersb.qc.ca\/fr\/wp-json\/wp\/v2\/types\/page"}],"author":[{"embeddable":true,"href":"https:\/\/twinoaks.swlauriersb.qc.ca\/fr\/wp-json\/wp\/v2\/users\/1"}],"replies":[{"embeddable":true,"href":"https:\/\/twinoaks.swlauriersb.qc.ca\/fr\/wp-json\/wp\/v2\/comments?post=168"}],"version-history":[{"count":5,"href":"https:\/\/twinoaks.swlauriersb.qc.ca\/fr\/wp-json\/wp\/v2\/pages\/168\/revisions"}],"predecessor-version":[{"id":942,"href":"https:\/\/twinoaks.swlauriersb.qc.ca\/fr\/wp-json\/wp\/v2\/pages\/168\/revisions\/942"}],"up":[{"embeddable":true,"href":"https:\/\/twinoaks.swlauriersb.qc.ca\/fr\/wp-json\/wp\/v2\/pages\/174"}],"wp:attachment":[{"href":"https:\/\/twinoaks.swlauriersb.qc.ca\/fr\/wp-json\/wp\/v2\/media?parent=168"}],"curies":[{"name":"wp","href":"https:\/\/api.w.org\/{rel}","templated":true}]}}