{"id":162,"date":"2024-05-08T14:32:11","date_gmt":"2024-05-08T18:32:11","guid":{"rendered":"https:\/\/twinoaks.swlauriersb.qc.ca\/transportation\/"},"modified":"2025-02-28T10:02:14","modified_gmt":"2025-02-28T15:02:14","slug":"transport-scolaire","status":"publish","type":"page","link":"https:\/\/twinoaks.swlauriersb.qc.ca\/fr\/services\/transport-scolaire\/","title":{"rendered":"Transport scolaire"},"content":{"rendered":"\n<h2 class=\"wp-block-heading\">Service de transport scolaire<\/h2>\n\n\n\n<p><b data-olk-copy-source=\"MessageBody\" style=\"font-family: Calibri, sans-serif;font-size: 11pt\">Veuillez noter que si vous n\u2019arrivez pas \u00e0 joindre quelqu\u2019un \u00e0 l\u2019\u00e9cole, vous pouvez contacter directement la compagnie de bus:<\/b><p class=\"x_MsoNormal\" style=\"margin: 0in 0in 0.0001pt;font-size: 11pt;font-family: Calibri, sans-serif\"><\/p><p class=\"x_MsoNormal\" style=\"margin: 0in 0in 0.0001pt;font-size: 11pt;font-family: Calibri, sans-serif\"><b><span lang=\"FR-CA\" style=\"border: 0px;font: inherit;margin: 0px;padding: 0px;vertical-align: baseline;color: inherit\">Autobus: 46, 47, 53, 54, 56, 84 \u2013 Autobus G.D. Paquette \u2013 450-437-4777<\/span><\/b><\/p><p class=\"x_MsoNormal\" style=\"margin: 0in 0in 0.0001pt;font-size: 11pt;font-family: Calibri, sans-serif\"><\/p><p class=\"x_MsoNormal\" style=\"margin: 0in 0in 0.0001pt;font-size: 11pt;font-family: Calibri, sans-serif\"><\/p><p class=\"x_MsoNormal\" style=\"margin: 0in 0in 0.0001pt;font-size: 11pt;font-family: Calibri, sans-serif\"><b>Autobus: 14 \u2013 Autobus Groupe Seguin \u2013 450-622-8242<\/b><\/p><\/p>\n\n\n\n<p>Veuillez consulter le site Web <a href=\"https:\/\/www.swlauriersb.qc.ca\/en\/parents\/transportation\/\">https:\/\/www.swlauriersb.qc.ca\/en\/parents\/transportation\/<\/a>pour obtenir des renseignements sur l\u2019admissibilit\u00e9 au transport et visiter le Portail Parents Mosa\u00efk pour conna\u00eetre l\u2019emplacement de l\u2019arr\u00eat et le parcours de l\u2019autobus de votre enfant.<\/p>\n","protected":false},"excerpt":{"rendered":"<p>Service de transport scolaire Veuillez noter que si vous n\u2019arrivez pas \u00e0 joindre quelqu\u2019un \u00e0 l\u2019\u00e9cole, vous pouvez contacter directement la compagnie de bus: Autobus: 46, 47, 53, 54, 56, 84 \u2013 Autobus G.D. Paquette \u2013 450-437-4777 Autobus: 14 \u2013 Autobus Groupe Seguin \u2013 450-622-8242 Veuillez consulter le site Web https:\/\/www.swlauriersb.qc.ca\/en\/parents\/transportation\/pour obtenir des renseignements sur&hellip;<\/p>\n","protected":false},"author":1,"featured_media":0,"parent":165,"menu_order":0,"comment_status":"closed","ping_status":"closed","template":"","meta":{"_acf_changed":false,"_relevanssi_hide_post":"","_relevanssi_hide_content":"","_relevanssi_pin_for_all":"","_relevanssi_pin_keywords":"","_relevanssi_unpin_keywords":"","_relevanssi_related_keywords":"","_relevanssi_related_include_ids":"","_relevanssi_related_exclude_ids":"","_relevanssi_related_no_append":"","_relevanssi_related_not_related":"","_relevanssi_related_posts":"561,611,419","_relevanssi_noindex_reason":"","footnotes":""},"acf":[],"_links":{"self":[{"href":"https:\/\/twinoaks.swlauriersb.qc.ca\/fr\/wp-json\/wp\/v2\/pages\/162"}],"collection":[{"href":"https:\/\/twinoaks.swlauriersb.qc.ca\/fr\/wp-json\/wp\/v2\/pages"}],"about":[{"href":"https:\/\/twinoaks.swlauriersb.qc.ca\/fr\/wp-json\/wp\/v2\/types\/page"}],"author":[{"embeddable":true,"href":"https:\/\/twinoaks.swlauriersb.qc.ca\/fr\/wp-json\/wp\/v2\/users\/1"}],"replies":[{"embeddable":true,"href":"https:\/\/twinoaks.swlauriersb.qc.ca\/fr\/wp-json\/wp\/v2\/comments?post=162"}],"version-history":[{"count":3,"href":"https:\/\/twinoaks.swlauriersb.qc.ca\/fr\/wp-json\/wp\/v2\/pages\/162\/revisions"}],"predecessor-version":[{"id":672,"href":"https:\/\/twinoaks.swlauriersb.qc.ca\/fr\/wp-json\/wp\/v2\/pages\/162\/revisions\/672"}],"up":[{"embeddable":true,"href":"https:\/\/twinoaks.swlauriersb.qc.ca\/fr\/wp-json\/wp\/v2\/pages\/165"}],"wp:attachment":[{"href":"https:\/\/twinoaks.swlauriersb.qc.ca\/fr\/wp-json\/wp\/v2\/media?parent=162"}],"curies":[{"name":"wp","href":"https:\/\/api.w.org\/{rel}","templated":true}]}}